{"id":54,"date":"2018-03-29T14:51:35","date_gmt":"2018-03-29T12:51:35","guid":{"rendered":"http:\/\/huntecity.de\/?page_id=54"},"modified":"2021-12-06T16:44:03","modified_gmt":"2021-12-06T15:44:03","slug":"impressum","status":"publish","type":"page","link":"https:\/\/www.rentner-news.de\/index.php\/impressum\/","title":{"rendered":"Impressum"},"content":{"rendered":"<h3>Angaben gem\u00e4\u00df \u00a7 5 TMG:<\/h3>\n<p>Olav Brunssen \/ bo mediaconsult<br \/>\nProjekt Rentner-News.de<br \/>\nHeinrich-Renken-Str 18<br \/>\n26127 Oldenburg<\/p>\n<p>&nbsp;<\/p>\n<h3>Kontakt:<\/h3>\n<p>Telefon: 0441 \/ 93924440<br \/>\nTelefax: 0441 \/ 93924449<br \/>\nE-Mail: info@bo-mediaconsult.de<\/p>\n<p>&nbsp;<\/p>\n<h3>Umsatzsteuer:<\/h3>\n<p>Umsatzsteuer-Identifikationsnummer gem\u00e4\u00df \u00a727 a Umsatzsteuergesetz:<br \/>\nDE265580588<\/p>\n<p>&nbsp;<\/p>\n<h3>Verantwortlich f\u00fcr den Inhalt nach \u00a7 55 Abs. 2 RStV:<\/h3>\n<p>Olav Brunssen \/ bo mediaconsult<br \/>\nProjekt Rentner-News.de<br \/>\nHeinrich-Renken-Str 18<br \/>\n26127 Oldenburg<\/p>\n<p>&nbsp;<\/p>\n<h3>Streitschlichtung<\/h3>\n<p>Wir sind nicht bereit oder verpflichtet, an Streitbeilegungsverfahren vor einer Verbraucherschlichtungsstelle teilzunehmen.<\/p>\n<p>&nbsp;<\/p>\n<h3>Haftung f\u00fcr Inhalte<\/h3>\n<p>Als Diensteanbieter sind wir gem\u00e4\u00df \u00a7 7 Abs.1 TMG f\u00fcr eigene Inhalte auf diesen Seiten nach den allgemeinen Gesetzen verantwortlich. Nach \u00a7\u00a7 8 bis 10 TMG sind wir als Diensteanbieter jedoch nicht verpflichtet, \u00fcbermittelte oder gespeicherte fremde Informationen zu \u00fcberwachen oder nach Umst\u00e4nden zu forschen, die auf eine rechtswidrige T\u00e4tigkeit hinweisen.<\/p>\n<p>Verpflichtungen zur Entfernung oder Sperrung der Nutzung von Informationen nach den allgemeinen Gesetzen bleiben hiervon unber\u00fchrt. Eine diesbez\u00fcgliche Haftung ist jedoch erst ab dem Zeitpunkt der Kenntnis einer konkreten Rechtsverletzung m\u00f6glich. Bei Bekanntwerden von entsprechenden Rechtsverletzungen werden wir diese Inhalte umgehend entfernen.<\/p>\n<p>&nbsp;<\/p>\n<h3>Haftung f\u00fcr Links<\/h3>\n<p>Unser Angebot enth\u00e4lt Links zu externen Websites Dritter, auf deren Inhalte wir keinen Einfluss haben. Deshalb k\u00f6nnen wir f\u00fcr diese fremden Inhalte auch keine Gew\u00e4hr \u00fcbernehmen. F\u00fcr die Inhalte der verlinkten Seiten ist stets der jeweilige Anbieter oder Betreiber der Seiten verantwortlich. Die verlinkten Seiten wurden zum Zeitpunkt der Verlinkung auf m\u00f6gliche Rechtsverst\u00f6\u00dfe \u00fcberpr\u00fcft. Rechtswidrige Inhalte waren zum Zeitpunkt der Verlinkung nicht erkennbar.<\/p>\n<p>Eine permanente inhaltliche Kontrolle der verlinkten Seiten ist jedoch ohne konkrete Anhaltspunkte einer Rechtsverletzung nicht zumutbar. Bei Bekanntwerden von Rechtsverletzungen werden wir derartige Links umgehend entfernen.<\/p>\n<p>&nbsp;<\/p>\n<h3>Urheberrecht<\/h3>\n<p>Die durch die Seitenbetreiber erstellten Inhalte und Werke auf diesen Seiten unterliegen dem deutschen Urheberrecht. Die Vervielf\u00e4ltigung, Bearbeitung, Verbreitung und jede Art der Verwertung au\u00dferhalb der Grenzen des Urheberrechtes bed\u00fcrfen der schriftlichen Zustimmung des jeweiligen Autors bzw. Erstellers. Downloads und Kopien dieser Seite sind nur f\u00fcr den privaten, nicht kommerziellen Gebrauch gestattet.<\/p>\n<p>Soweit die Inhalte auf dieser Seite nicht vom Betreiber erstellt wurden, werden die Urheberrechte Dritter beachtet. Insbesondere werden Inhalte Dritter als solche gekennzeichnet. Sollten Sie trotzdem auf eine Urheberrechtsverletzung aufmerksam werden, bitten wir um einen entsprechenden Hinweis. Bei Bekanntwerden von Rechtsverletzungen werden wir derartige Inhalte umgehend entfernen.<\/p>\n<p>&nbsp;<\/p>\n<h3>Datenschutzerkl\u00e4rung<\/h3>\n<p>Unsere Datenschutzerkl\u00e4rung finden Sie hier <a href=\"https:\/\/Haustiere-Heute.de\/index.php\/datenschutzerklaerung\/\">Datenschutzerkl\u00e4rung<\/a><\/p>\n<p>Quelle: <a href=\"https:\/\/www.e-recht24.de\">erecht24.de<\/a><\/p>\n","protected":false},"excerpt":{"rendered":"<div class=\"mh-excerpt\"><p>Angaben gem\u00e4\u00df \u00a7 5 TMG: Olav Brunssen \/ bo mediaconsult Projekt Rentner-News.de Heinrich-Renken-Str 18 26127 Oldenburg &nbsp; Kontakt: Telefon: 0441 \/ 93924440 Telefax: 0441 \/ 93924449 E-Mail: info@bo-mediaconsult.de &nbsp; Umsatzsteuer: Umsatzsteuer-Identifikationsnummer gem\u00e4\u00df \u00a727 a Umsatzsteuergesetz: <a class=\"mh-excerpt-more\" href=\"https:\/\/www.rentner-news.de\/index.php\/impressum\/\" title=\"Impressum\">[hier geht\u00b4s weiter&#8230;]<\/a><\/p>\n<\/div>","protected":false},"author":7,"featured_media":0,"parent":0,"menu_order":0,"comment_status":"closed","ping_status":"closed","template":"","meta":{"_bbp_topic_count":0,"_bbp_reply_count":0,"_bbp_total_topic_count":0,"_bbp_total_reply_count":0,"_bbp_voice_count":0,"_bbp_anonymous_reply_count":0,"_bbp_topic_count_hidden":0,"_bbp_reply_count_hidden":0,"_bbp_forum_subforum_count":0,"_monsterinsights_skip_tracking":false,"_monsterinsights_sitenote_active":false,"_monsterinsights_sitenote_note":"","_monsterinsights_sitenote_category":0,"footnotes":""},"class_list":["post-54","page","type-page","status-publish"],"yoast_head":"<!-- This site is optimized with the Yoast SEO plugin v27.2 - https:\/\/yoast.com\/product\/yoast-seo-wordpress\/ -->\n<title>Impressum - Rentner-News.de - 50 Plus Best Ager Senioren Nachrichten Tipps, Wissen,<\/title>\n<meta name=\"robots\" content=\"index, nofollow, max-snippet:-1, max-image-preview:large, max-video-preview:-1\" \/>\n<link rel=\"canonical\" href=\"https:\/\/www.rentner-news.de\/index.php\/impressum\/\" \/>\n<meta property=\"og:locale\" content=\"de_DE\" \/>\n<meta property=\"og:type\" content=\"article\" \/>\n<meta property=\"og:title\" content=\"Impressum - Rentner-News.de - 50 Plus Best Ager Senioren Nachrichten Tipps, Wissen,\" \/>\n<meta property=\"og:description\" content=\"Angaben gem\u00e4\u00df \u00a7 5 TMG: Olav Brunssen \/ bo mediaconsult Projekt Rentner-News.de Heinrich-Renken-Str 18 26127 Oldenburg &nbsp; Kontakt: Telefon: 0441 \/ 93924440 Telefax: 0441 \/ 93924449 E-Mail: info@bo-mediaconsult.de &nbsp; Umsatzsteuer: Umsatzsteuer-Identifikationsnummer gem\u00e4\u00df \u00a727 a Umsatzsteuergesetz: [hier geht\u00b4s weiter...]\" \/>\n<meta property=\"og:url\" content=\"https:\/\/www.rentner-news.de\/index.php\/impressum\/\" \/>\n<meta property=\"og:site_name\" content=\"Rentner-News.de - 50 Plus Best Ager Senioren Nachrichten Tipps, Wissen,\" \/>\n<meta property=\"article:modified_time\" content=\"2021-12-06T15:44:03+00:00\" \/>\n<meta name=\"twitter:card\" content=\"summary_large_image\" \/>\n<meta name=\"twitter:label1\" content=\"Gesch\u00e4tzte Lesezeit\" \/>\n\t<meta name=\"twitter:data1\" content=\"2\u00a0Minuten\" \/>\n<!-- \/ Yoast SEO plugin. -->","yoast_head_json":{"title":"Impressum - Rentner-News.de - 50 Plus Best Ager Senioren Nachrichten Tipps, Wissen,","robots":{"index":"index","follow":"nofollow","max-snippet":"max-snippet:-1","max-image-preview":"max-image-preview:large","max-video-preview":"max-video-preview:-1"},"canonical":"https:\/\/www.rentner-news.de\/index.php\/impressum\/","og_locale":"de_DE","og_type":"article","og_title":"Impressum - Rentner-News.de - 50 Plus Best Ager Senioren Nachrichten Tipps, Wissen,","og_description":"Angaben gem\u00e4\u00df \u00a7 5 TMG: Olav Brunssen \/ bo mediaconsult Projekt Rentner-News.de Heinrich-Renken-Str 18 26127 Oldenburg &nbsp; Kontakt: Telefon: 0441 \/ 93924440 Telefax: 0441 \/ 93924449 E-Mail: info@bo-mediaconsult.de &nbsp; Umsatzsteuer: Umsatzsteuer-Identifikationsnummer gem\u00e4\u00df \u00a727 a Umsatzsteuergesetz: [hier geht\u00b4s weiter...]","og_url":"https:\/\/www.rentner-news.de\/index.php\/impressum\/","og_site_name":"Rentner-News.de - 50 Plus Best Ager Senioren Nachrichten Tipps, Wissen,","article_modified_time":"2021-12-06T15:44:03+00:00","twitter_card":"summary_large_image","twitter_misc":{"Gesch\u00e4tzte Lesezeit":"2\u00a0Minuten"},"schema":{"@context":"https:\/\/schema.org","@graph":[{"@type":"WebPage","@id":"https:\/\/www.rentner-news.de\/index.php\/impressum\/","url":"https:\/\/www.rentner-news.de\/index.php\/impressum\/","name":"Impressum - Rentner-News.de - 50 Plus Best Ager Senioren Nachrichten Tipps, Wissen,","isPartOf":{"@id":"https:\/\/www.rentner-news.de\/#website"},"datePublished":"2018-03-29T12:51:35+00:00","dateModified":"2021-12-06T15:44:03+00:00","breadcrumb":{"@id":"https:\/\/www.rentner-news.de\/index.php\/impressum\/#breadcrumb"},"inLanguage":"de","potentialAction":[{"@type":"ReadAction","target":["https:\/\/www.rentner-news.de\/index.php\/impressum\/"]}]},{"@type":"BreadcrumbList","@id":"https:\/\/www.rentner-news.de\/index.php\/impressum\/#breadcrumb","itemListElement":[{"@type":"ListItem","position":1,"name":"Startseite","item":"https:\/\/www.rentner-news.de\/"},{"@type":"ListItem","position":2,"name":"Impressum"}]},{"@type":"WebSite","@id":"https:\/\/www.rentner-news.de\/#website","url":"https:\/\/www.rentner-news.de\/","name":"Rentner-News.de - 50 Plus Best Ager Senioren Nachrichten Tipps, Wissen,","description":"Deine Plattform f\u00fcr das Leben nach dem Arbeitsleben","publisher":{"@id":"https:\/\/www.rentner-news.de\/#organization"},"potentialAction":[{"@type":"SearchAction","target":{"@type":"EntryPoint","urlTemplate":"https:\/\/www.rentner-news.de\/?s={search_term_string}"},"query-input":{"@type":"PropertyValueSpecification","valueRequired":true,"valueName":"search_term_string"}}],"inLanguage":"de"},{"@type":"Organization","@id":"https:\/\/www.rentner-news.de\/#organization","name":"Rentner-News II bo mediaconsult","url":"https:\/\/www.rentner-news.de\/","logo":{"@type":"ImageObject","inLanguage":"de","@id":"https:\/\/www.rentner-news.de\/#\/schema\/logo\/image\/","url":"https:\/\/www.rentner-news.de\/wp-content\/uploads\/2020\/03\/400dpiLogoCropped-e1585256440346.png","contentUrl":"https:\/\/www.rentner-news.de\/wp-content\/uploads\/2020\/03\/400dpiLogoCropped-e1585256440346.png","width":280,"height":105,"caption":"Rentner-News II bo mediaconsult"},"image":{"@id":"https:\/\/www.rentner-news.de\/#\/schema\/logo\/image\/"}}]}},"_links":{"self":[{"href":"https:\/\/www.rentner-news.de\/index.php\/wp-json\/wp\/v2\/pages\/54","targetHints":{"allow":["GET"]}}],"collection":[{"href":"https:\/\/www.rentner-news.de\/index.php\/wp-json\/wp\/v2\/pages"}],"about":[{"href":"https:\/\/www.rentner-news.de\/index.php\/wp-json\/wp\/v2\/types\/page"}],"author":[{"embeddable":true,"href":"https:\/\/www.rentner-news.de\/index.php\/wp-json\/wp\/v2\/users\/7"}],"replies":[{"embeddable":true,"href":"https:\/\/www.rentner-news.de\/index.php\/wp-json\/wp\/v2\/comments?post=54"}],"version-history":[{"count":0,"href":"https:\/\/www.rentner-news.de\/index.php\/wp-json\/wp\/v2\/pages\/54\/revisions"}],"wp:attachment":[{"href":"https:\/\/www.rentner-news.de\/index.php\/wp-json\/wp\/v2\/media?parent=54"}],"curies":[{"name":"wp","href":"https:\/\/api.w.org\/{rel}","templated":true}]}}